{"id":627,"date":"2020-09-02T05:29:22","date_gmt":"2020-09-02T05:29:22","guid":{"rendered":"https:\/\/www.blog.bcdaero.com\/es\/?page_id=627"},"modified":"2021-02-23T04:33:14","modified_gmt":"2021-02-23T04:33:14","slug":"reporte","status":"publish","type":"page","link":"https:\/\/www.blog.bcdaero.com\/es\/reporte\/","title":{"rendered":"reporte"},"content":{"rendered":"<p><!-- OP_SEARCH_GENERATED --><\/p>\n<div  class=\"row five-columns cf ui-sortable   \" id=\"le_body_row_1\" data-style=\"\">\n<div class=\"fixed-width\">\n<div class=\"op-row-links\">\n<div class=\"op-row-links-content\">\n                            <a title=\"Copy Row\" href=\"#copy-row\" class=\"copy-row\"><\/a><br \/>\n                            <a title=\"Edit Row Options\" href=\"#options\" class=\"edit-row\" id=\"row_options\"><\/a><br \/>\n                            <a title=\"Clone Row\" href=\"#clone-row\" class=\"clone-row\"><\/a><br \/>\n                            <a href=\"#add-new-row\" class=\"add-new-row\"><span>Add New Row<\/span><\/a><br \/>\n                            <a title=\"Move Row\" href=\"#move\" class=\"move-row\"><\/a><br \/>\n                            <a title=\"Paste Row\" href=\"#paste-row\" class=\"paste-row\"><\/a><br \/>\n                            <a title=\"Delete Row\" href=\"#delete-row\" class=\"delete-row\"><\/a>\n                        <\/div>\n<\/p><\/div>\n<div class=\"three-fifths column cols\" id=\"le_body_row_1_col_1\">\n<div class=\"element-container cf\" data-style=\"\" id=\"le_body_row_1_col_1_el_1\">\n<div class=\"op-element-links\"><a class=\"element-settings\" href=\"#settings\">Edit Element<\/a><a class=\"element-clone\" href=\"#clone-element\">Clone Element<\/a><a class=\"element-advanced\" href=\"#op-le-advanced\">Advanced Element Options<\/a><a class=\"element-move\" href=\"#move\">Move<\/a><a class=\"element-delete\" href=\"#delete\">Remove Element<\/a><\/div>\n<div class=\"op-hidden op-waiting\">\n                    <img decoding=\"async\" class=\"op-bsw-waiting op-show-waiting\" alt=\"\" src=\"images\/wpspin_light.gif\" \/>\n                <\/div>\n<div class=\"element\">\n<h2 class=\"headline-style-14\" style='font-size:20px;text-align:center;margin-bottom:15px;'><img loading=\"lazy\" decoding=\"async\" src=\"https:\/\/www.blog.bcdaero.com\/es\/wp-content\/plugins\/optimizePressPlugin\/lib\/assets\/images\/headline\/fade-left.png\" alt=\"fade-left\" width=\"120\" height=\"10\" class=\"fade-left\" \/><img loading=\"lazy\" decoding=\"async\" src=\"https:\/\/www.blog.bcdaero.com\/es\/wp-content\/plugins\/optimizePressPlugin\/lib\/assets\/images\/headline\/fade-right.png\" alt=\"fade-right\" width=\"120\" height=\"10\" class=\"fade-right\" \/><span>Ingresa tus datos y accede gratis a este reporte en PDF<\/span><\/h2>\n<\/p><\/div>\n<div class=\"op-hidden\"><textarea class=\"op-le-shortcode\" name=\"shortcode[]\">[headline style=&quot;15&quot; font_size=&quot;20&quot; align=&quot;center&quot; bottom_margin=&quot;15&quot;]Ingresa tus datos y accede gratis a este reporte en PDF[\/headline]<\/textarea><\/div>\n<\/div>\n<div class=\"element-container cf\" data-style=\"\" id=\"le_body_row_1_col_1_el_2\">\n<div class=\"op-element-links\"><a class=\"element-settings\" href=\"#settings\">Edit Element<\/a><a class=\"element-clone\" href=\"#clone-element\">Clone Element<\/a><a class=\"element-advanced\" href=\"#op-le-advanced\">Advanced Element Options<\/a><a class=\"element-move\" href=\"#move\">Move<\/a><a class=\"element-delete\" href=\"#delete\">Remove Element<\/a><\/div>\n<div class=\"op-hidden op-waiting\">\n                    <img decoding=\"async\" class=\"op-bsw-waiting op-show-waiting\" alt=\"\" src=\"images\/wpspin_light.gif\" \/>\n                <\/div>\n<div class=\"element\">\n<h2 style='font-size:40px;color:#c7280f;text-align:center;margin-bottom:20px;'>Reporte: El Internet de las cosas y su importancia en la gesti\u00f3n aeroportuaria<\/h2>\n<\/p><\/div>\n<div class=\"op-hidden\"><textarea class=\"op-le-shortcode\" name=\"shortcode[]\">[headline style=&quot;1&quot; font_size=&quot;40&quot; font_color=&quot;%23c7280f&quot; align=&quot;center&quot; bottom_margin=&quot;20&quot;]Reporte: El Internet de las cosas y su importancia en la gesti\u00f3n aeroportuaria[\/headline]<\/textarea><\/div>\n<\/div>\n<div class=\"element-container cf\" data-style=\"\" id=\"le_body_row_1_col_1_el_3\">\n<div class=\"op-element-links\"><a class=\"element-settings\" href=\"#settings\">Edit Element<\/a><a class=\"element-clone\" href=\"#clone-element\">Clone Element<\/a><a class=\"element-advanced\" href=\"#op-le-advanced\">Advanced Element Options<\/a><a class=\"element-move\" href=\"#move\">Move<\/a><a class=\"element-delete\" href=\"#delete\">Remove Element<\/a><\/div>\n<div class=\"op-hidden op-waiting\">\n                    <img decoding=\"async\" class=\"op-bsw-waiting op-show-waiting\" alt=\"\" src=\"images\/wpspin_light.gif\" \/>\n                <\/div>\n<div class=\"element\"> [text_block style=\u00bbstyle_1.png\u00bb align=\u00bbleft\u00bb font_size=\u00bb20&#8243; width=\u00bb556&#8243;]<\/p>\n<p style=\"text-align: center;\"><strong>Ingresa tu email para que te enviemos de forma gratuita este reporte valorizado en U$ 19 d\u00f3lares<\/strong><\/p>\n<p>[\/text_block] <\/p><\/div>\n<div class=\"op-hidden\"><textarea class=\"op-le-shortcode\" name=\"shortcode[]\">[text_block style=&quot;style_1.png&quot; align=&quot;left&quot; font_size=&quot;20&quot; width=&quot;556&quot;]&lt;p style=&quot;text-align: center;&quot;&gt;&lt;strong&gt;Ingresa tu email para que te enviemos de forma gratuita este reporte valorizado en U$ 19 d\u00f3lares&lt;\/strong&gt;&lt;\/p&gt;[\/text_block]<\/textarea><\/div>\n<\/div>\n<div class=\"element-container cf\" data-style=\"\" id=\"le_body_row_1_col_1_el_4\">\n<div class=\"op-element-links\"><a class=\"element-settings\" href=\"#settings\">Edit Element<\/a><a class=\"element-clone\" href=\"#clone-element\">Clone Element<\/a><a class=\"element-advanced\" href=\"#op-le-advanced\">Advanced Element Options<\/a><a class=\"element-move\" href=\"#move\">Move<\/a><a class=\"element-delete\" href=\"#delete\">Remove Element<\/a><\/div>\n<div class=\"op-hidden op-waiting\">\n                    <img decoding=\"async\" class=\"op-bsw-waiting op-show-waiting\" alt=\"\" src=\"images\/wpspin_light.gif\" \/>\n                <\/div>\n<div class=\"element\"> [text_block style=\u00bbstyle_1.png\u00bb align=\u00bbleft\u00bb font_size=\u00bb20&#8243; width=\u00bb556&#8243;]En este reporte aprender\u00e1s:[\/text_block] <\/div>\n<div class=\"op-hidden\"><textarea class=\"op-le-shortcode\" name=\"shortcode[]\">[text_block style=&quot;style_1.png&quot; align=&quot;left&quot; font_size=&quot;20&quot; width=&quot;556&quot;]En este reporte aprender\u00e1s:[\/text_block]<\/textarea><\/div>\n<\/div>\n<div class=\"element-container cf\" data-style=\"\" id=\"le_body_row_1_col_1_el_5\">\n<div class=\"op-element-links\"><a class=\"element-settings\" href=\"#settings\">Edit Element<\/a><a class=\"element-clone\" href=\"#clone-element\">Clone Element<\/a><a class=\"element-advanced\" href=\"#op-le-advanced\">Advanced Element Options<\/a><a class=\"element-move\" href=\"#move\">Move<\/a><a class=\"element-delete\" href=\"#delete\">Remove Element<\/a><\/div>\n<div class=\"op-hidden op-waiting\">\n                    <img decoding=\"async\" class=\"op-bsw-waiting op-show-waiting\" alt=\"\" src=\"images\/wpspin_light.gif\" \/>\n                <\/div>\n<div class=\"element\">\n<ul class=\"bullet-list 1\" >\n<li style='background-image:url(\"https:\/\/www.blog.bcdaero.com\/es\/wp-content\/plugins\/optimizePressPlugin\/lib\/assets\/images\/bullet_block\/32x32\/0.png\");background-repeat:no-repeat;font-size:20px;'>\u00bfQu\u00e9 es el Internet de las cosas?<\/li>\n<li style='background-image:url(\"https:\/\/www.blog.bcdaero.com\/es\/wp-content\/plugins\/optimizePressPlugin\/lib\/assets\/images\/bullet_block\/32x32\/0.png\");background-repeat:no-repeat;font-size:20px;'>Importancia de la gesti\u00f3n aeroportuaria<\/li>\n<li style='background-image:url(\"https:\/\/www.blog.bcdaero.com\/es\/wp-content\/plugins\/optimizePressPlugin\/lib\/assets\/images\/bullet_block\/32x32\/0.png\");background-repeat:no-repeat;font-size:20px;'>Influencia del Internet de las cosas en la gesti\u00f3n aeroportuaria<\/li>\n<\/ul><\/div>\n<div class=\"op-hidden\"><textarea class=\"op-le-shortcode\" name=\"shortcode[]\">[bullet_block  large_icon=&quot;0.png&quot; width=&quot;&quot; alignment=&quot;center&quot; font_size=&quot;20&quot;]&lt;ul&gt;&lt;li&gt;\u00bfQu\u00e9 es el Internet de las cosas?&lt;\/li&gt;&lt;li&gt;Importancia de la gesti\u00f3n aeroportuaria&lt;\/li&gt;&lt;li&gt;Influencia del Internet de las cosas en la gesti\u00f3n aeroportuaria&lt;\/li&gt;&lt;\/ul&gt;[\/bullet_block]<\/textarea><\/div>\n<\/div>\n<div class=\"element-container cf\" data-style=\"\" id=\"le_body_row_1_col_1_el_6\">\n<div class=\"op-element-links\"><a class=\"element-settings\" href=\"#settings\">Edit Element<\/a><a class=\"element-clone\" href=\"#clone-element\">Clone Element<\/a><a class=\"element-advanced\" href=\"#op-le-advanced\">Advanced Element Options<\/a><a class=\"element-move\" href=\"#move\">Move<\/a><a class=\"element-delete\" href=\"#delete\">Remove Element<\/a><\/div>\n<div class=\"op-hidden op-waiting\">\n                    <img decoding=\"async\" class=\"op-bsw-waiting op-show-waiting\" alt=\"\" src=\"images\/wpspin_light.gif\" \/>\n                <\/div>\n<div class=\"element\"> [text_block style=\u00bbstyle_1.png\u00bb align=\u00bbleft\u00bb font_size=\u00bb20&#8243; width=\u00bb556&#8243;]<span style=\"color: #800000;\"><strong>Recuerda que este reporte estar\u00e1 disponible GRATIS solo por tiempo limitado<\/strong><\/span>\u00a0ingresa tus datos\u00a0<span style=\"color: #800000;\"><strong>en el formulario<\/strong><\/span>\u00a0para enviarte el reporte HOY MISMO (podr\u00e1s descargarlo para que puedas verlo las veces que desees)[\/text_block] <\/div>\n<div class=\"op-hidden\"><textarea class=\"op-le-shortcode\" name=\"shortcode[]\">[text_block style=&quot;style_1.png&quot; align=&quot;left&quot; font_size=&quot;20&quot; width=&quot;556&quot;]&lt;span style=&quot;color: #800000;&quot;&gt;&lt;strong&gt;Recuerda que este reporte estar\u00e1 disponible GRATIS solo por tiempo limitado&lt;\/strong&gt;&lt;\/span&gt;\u00a0ingresa tus datos\u00a0&lt;span style=&quot;color: #800000;&quot;&gt;&lt;strong&gt;en el formulario&lt;\/strong&gt;&lt;\/span&gt;\u00a0para enviarte el reporte HOY MISMO (podr\u00e1s descargarlo para que puedas verlo las veces que desees)[\/text_block]<\/textarea><\/div>\n<\/div>\n<div class=\"element-container sort-disabled\"><\/div>\n<div class=\"add-element-container\"><a href=\"#three-fifths\" class=\"split-column\"><\/a><a href=\"#add_element\" class=\"add-new-element\"><span>Add Element<\/span><\/a>\n                            <\/div>\n<\/div>\n<div class=\"two-fifths column cols narrow\" id=\"le_body_row_1_col_2\">\n<div class=\"element-container cf\" data-style=\"\" id=\"le_body_row_1_col_2_el_1\">\n<div class=\"op-element-links\"><a class=\"element-settings\" href=\"#settings\">Edit Element<\/a><a class=\"element-clone\" href=\"#clone-element\">Clone Element<\/a><a class=\"element-advanced\" href=\"#op-le-advanced\">Advanced Element Options<\/a><a class=\"element-move\" href=\"#move\">Move<\/a><a class=\"element-delete\" href=\"#delete\">Remove Element<\/a><\/div>\n<div class=\"op-hidden op-waiting\">\n                    <img decoding=\"async\" class=\"op-bsw-waiting op-show-waiting\" alt=\"\" src=\"images\/wpspin_light.gif\" \/>\n                <\/div>\n<div class=\"element\">\n<div class=\"image-caption frame-style-undefined\" style='width:280px;margin-top:0px;margin-bottom:px;margin-right:auto;margin-left:auto;'><img decoding=\"async\" alt=\"\" src=\"https:\/\/www.blog.bcdaero.com\/es\/wp-content\/uploads\/2020\/09\/reporte-final-bcda-refinal-1.png\"  border=\"0\" class=\"full-width\" \/><\/div>\n<\/p><\/div>\n<div class=\"op-hidden\"><textarea class=\"op-le-shortcode\" name=\"shortcode[]\">[images style=&quot;undefined&quot; image=&quot;https%3A%2F%2Fwww.blog.bcdaero.com%2Fes%2Fwp-content%2Fuploads%2F2020%2F09%2Freporte-final-bcda-refinal-1.png&quot; width=&quot;280&quot; align=&quot;center&quot; top_margin=&quot;0&quot; full_width=&quot;Y&quot;]<\/textarea><\/div>\n<\/div>\n<div class=\"element-container cf\" data-style=\"\" id=\"le_body_row_1_col_2_el_2\">\n<div class=\"op-element-links\"><a class=\"element-settings\" href=\"#settings\">Edit Element<\/a><a class=\"element-clone\" href=\"#clone-element\">Clone Element<\/a><a class=\"element-advanced\" href=\"#op-le-advanced\">Advanced Element Options<\/a><a class=\"element-move\" href=\"#move\">Move<\/a><a class=\"element-delete\" href=\"#delete\">Remove Element<\/a><\/div>\n<div class=\"op-hidden op-waiting\">\n                    <img decoding=\"async\" class=\"op-bsw-waiting op-show-waiting\" alt=\"\" src=\"images\/wpspin_light.gif\" \/>\n                <\/div>\n<div class=\"element\">\n<h2 style='font-size:35px;font-family:\"Shadows Into Light\", sans-serif;color:#e80000;text-align:center;'>Acceso Gratis<\/h2>\n<\/p><\/div>\n<div class=\"op-hidden\"><textarea class=\"op-le-shortcode\" name=\"shortcode[]\">[headline style=&quot;1&quot; font_size=&quot;35&quot; font_font=&quot;Shadows%20Into%20Light&quot; font_color=&quot;%23e80000&quot; align=&quot;center&quot;]Acceso Gratis[\/headline]<\/textarea><\/div>\n<\/div>\n<div class=\"element-container cf\" data-style=\"\" id=\"le_body_row_1_col_2_el_3\">\n<div class=\"op-element-links\"><a class=\"element-settings\" href=\"#settings\">Edit Element<\/a><a class=\"element-clone\" href=\"#clone-element\">Clone Element<\/a><a class=\"element-advanced\" href=\"#op-le-advanced\">Advanced Element Options<\/a><a class=\"element-move\" href=\"#move\">Move<\/a><a class=\"element-delete\" href=\"#delete\">Remove Element<\/a><\/div>\n<div class=\"op-hidden op-waiting\">\n                    <img decoding=\"async\" class=\"op-bsw-waiting op-show-waiting\" alt=\"\" src=\"images\/wpspin_light.gif\" \/>\n                <\/div>\n<div class=\"element\">\n<div class=\"arrow-center\"><img decoding=\"async\"  src=\"https:\/\/www.blog.bcdaero.com\/es\/wp-content\/plugins\/optimizePressPlugin\/lib\/assets\/images\/arrows\/arrow-red-2.png\" class=\"arrows\" alt=\"arrow\" \/><\/div>\n<\/p><\/div>\n<div class=\"op-hidden\"><textarea class=\"op-le-shortcode\" name=\"shortcode[]\">[arrows style=&quot;arrow-red-2.png&quot; align=&quot;center&quot;]<\/textarea><\/div>\n<\/div>\n<div class=\"element-container cf\" data-style=\"\" id=\"le_body_row_1_col_2_el_4\">\n<div class=\"op-element-links\"><a class=\"element-settings\" href=\"#settings\">Edit Element<\/a><a class=\"element-clone\" href=\"#clone-element\">Clone Element<\/a><a class=\"element-advanced\" href=\"#op-le-advanced\">Advanced Element Options<\/a><a class=\"element-move\" href=\"#move\">Move<\/a><a class=\"element-delete\" href=\"#delete\">Remove Element<\/a><\/div>\n<div class=\"op-hidden op-waiting\">\n                    <img decoding=\"async\" class=\"op-bsw-waiting op-show-waiting\" alt=\"\" src=\"images\/wpspin_light.gif\" \/>\n                <\/div>\n<div class=\"element\">\n<div id=\"603481aa1b1a8\" class=\"optin-box optin-box-6\" style=\"margin-right: auto;margin-left: auto;\">\n<div class=\"optin-box-content\">\n<form action=\"https:\/\/www.blog.bcdaero.com\/es\/process-optin-form\/\" method=\"post\" class=\"cf op-optin-validation\">\n<div style=\"display:none\"><input type=\"hidden\" name=\"provider\" value=\"getresponsev3\" \/><input type=\"hidden\" name=\"redirect_url\" value=\"https:\/\/blog.bcdaero.com\/es\/reporte-descarga\" \/><input type=\"hidden\" name=\"list\" value=\"W2DQl\" \/><\/div>\n<div class=\"text-boxes\">\n<div class=\"text-box email\"><input type=\"email\" name=\"email\" placeholder=\"Ingresa el email donde recibir\u00e1s el reporte\" value=\"\" \/><\/div>\n<\/p><\/div>\n<p>            <button type=\"submit\" class=\"default-button\"><span>\u00a1Obt\u00e9n Acceso Ahora!<\/span><\/button>                    <input type=\"hidden\" id=\"op_optin_nonce\" name=\"op_optin_nonce\" value=\"abca76ec59\" \/><input type=\"hidden\" name=\"_wp_http_referer\" value=\"\/es\/wp-admin\/admin-ajax.php\" \/><\/form>\n<p class=\"privacy\"><img loading=\"lazy\" decoding=\"async\" src=\"https:\/\/www.blog.bcdaero.com\/es\/wp-content\/plugins\/optimizePressPlugin\/lib\/assets\/images\/optin_box\/privacy.png\" alt=\"privacy\" width=\"16\" height=\"15\" \/> Usaremos tu email para el fin mencionado y estar\u00e1s suscrito a nuestro bolet\u00edn semanal. Tu informaci\u00f3n estar\u00e1 protegida, tu email nunca ser\u00e1 utilizado para hacer SPAM<\/p>\n<\/p><\/div>\n<\/div><\/div>\n<div class=\"op-hidden\"><textarea class=\"op-le-shortcode\" name=\"shortcode[]\">[optin_box style=&quot;7&quot; alignment=&quot;center&quot; disable_name=&quot;Y&quot; email_field=&quot;email&quot; email_default=&quot;Ingresa el email donde recibir\u00e1s el reporte&quot; email_order=&quot;0&quot; integration_type=&quot;getresponsev3&quot; gdpr_consent=&quot;disabled&quot; consent_1_enabled=&quot;no&quot; consent_2_enabled=&quot;no&quot; consent_notes_field=&quot;name&quot; thank_you_page=&quot;https:\/\/blog.bcdaero.com\/es\/reporte-descarga&quot; list=&quot;W2DQl&quot; name_field=&quot;name&quot; name_default=&quot;Enter your first name&quot; name_order=&quot;0&quot; name_required=&quot;N&quot; opm_packages=&quot;&quot;][optin_box_field name=&quot;headline&quot;][\/optin_box_field][optin_box_field name=&quot;paragraph&quot;]RW50ZXIgeW91ciBuYW1lIGFuZCBlbWFpbCBiZWxvdyA8c3Ryb25nPm5vdy4uLjwvc3Ryb25nPg==[\/optin_box_field][optin_box_field name=&quot;privacy&quot;]Usaremos tu email para el fin mencionado y estar\u00e1s suscrito a nuestro bolet\u00edn semanal. Tu informaci\u00f3n estar\u00e1 protegida, tu email nunca ser\u00e1 utilizado para hacer SPAM[\/optin_box_field][optin_box_field name=&quot;consent_1_label&quot;][\/optin_box_field][optin_box_field name=&quot;consent_2_label&quot;][\/optin_box_field][optin_box_field name=&quot;top_color&quot;]undefined[\/optin_box_field][optin_box_button type=&quot;0&quot; button_below=&quot;Y&quot;]\u00a1Obt\u00e9n Acceso Ahora![\/optin_box_button] [\/optin_box]<\/textarea><\/div>\n<\/div>\n<div class=\"element-container sort-disabled\"><\/div>\n<div class=\"add-element-container\"><a href=\"#add_element\" class=\"add-new-element\"><span>Add Element<\/span><\/a>\n                            <\/div>\n<\/div>\n<\/div>\n<\/div>\n","protected":false},"excerpt":{"rendered":"<p>Add New Row Edit ElementClone ElementAdvanced Element OptionsMoveRemove Element Ingresa tus datos y accede gratis a este reporte en PDF [headline style=&quot;15&quot; font_size=&quot;20&quot; align=&quot;center&quot; bottom_margin=&quot;15&quot;]Ingresa tus datos y accede gratis a este reporte en PDF[\/headline] Edit ElementClone ElementAdvanced Element OptionsMoveRemove Element Reporte: El Internet de las cosas y su importancia en la gesti\u00f3n aeroportuaria [headline [&hellip;]<\/p>\n","protected":false},"author":1,"featured_media":0,"parent":0,"menu_order":0,"comment_status":"closed","ping_status":"closed","template":"","meta":{"footnotes":""},"class_list":["post-627","page","type-page","status-publish","hentry"],"aioseo_notices":[],"_links":{"self":[{"href":"https:\/\/www.blog.bcdaero.com\/es\/wp-json\/wp\/v2\/pages\/627","targetHints":{"allow":["GET"]}}],"collection":[{"href":"https:\/\/www.blog.bcdaero.com\/es\/wp-json\/wp\/v2\/pages"}],"about":[{"href":"https:\/\/www.blog.bcdaero.com\/es\/wp-json\/wp\/v2\/types\/page"}],"author":[{"embeddable":true,"href":"https:\/\/www.blog.bcdaero.com\/es\/wp-json\/wp\/v2\/users\/1"}],"replies":[{"embeddable":true,"href":"https:\/\/www.blog.bcdaero.com\/es\/wp-json\/wp\/v2\/comments?post=627"}],"version-history":[{"count":7,"href":"https:\/\/www.blog.bcdaero.com\/es\/wp-json\/wp\/v2\/pages\/627\/revisions"}],"predecessor-version":[{"id":934,"href":"https:\/\/www.blog.bcdaero.com\/es\/wp-json\/wp\/v2\/pages\/627\/revisions\/934"}],"wp:attachment":[{"href":"https:\/\/www.blog.bcdaero.com\/es\/wp-json\/wp\/v2\/media?parent=627"}],"curies":[{"name":"wp","href":"https:\/\/api.w.org\/{rel}","templated":true}]}}